{"id":1532,"date":"2022-02-28T00:19:55","date_gmt":"2022-02-28T00:19:55","guid":{"rendered":"https:\/\/ibsnox.com\/?page_id=1532"},"modified":"2022-02-28T00:20:15","modified_gmt":"2022-02-28T00:20:15","slug":"ensayos-y-pruebas-de-laboratorio","status":"publish","type":"page","link":"https:\/\/ibsnox.com\/?page_id=1532","title":{"rendered":"Ensayos y pruebas de laboratorio"},"content":{"rendered":"\n<ul class=\"wp-block-list\"><li>En Instituto Nacional de Tecnolog\u00eda Industrial (INTI) de Argentina<\/li><li>Panel de fibrocemento: Ensayo de Resistencia al Impacto Blando, seg\u00fan Norma IRAM 11596<\/li><li>Panel de fibrocemento: Ensayo de Resistencia al Impacto Duro, seg\u00fan Norma IRAM 11596.<\/li><li>Panel de madera, multilaminado fen\u00f3lico: Ensayo de Resistencia al Impacto Blando, seg\u00fan Norma IRAM 11596.<\/li><li>Panel de madera, multilaminado fen\u00f3lico: Ensayo de Resistencia al Impacto Duro, seg\u00fan Norma IRAM 11596.<\/li><li>Ensayo de aislaci\u00f3n sonora \u2013 Ing. Jorge Hakas \u2013 Uruguay (1995).<\/li><li>Ensayo de comportamiento t\u00e9rmico \u2013 Ing. Horacio Marsico (1995).<\/li><li>Ensayo a la resistencia de anclajes &#8211; Ing. Ulrich Von Cappeln (Uruguay 2007).<\/li><li>Ensayo de Aislamiento Ac\u00fastico de paneles Sistema NOX \u2013 Universidad Federal de Santa Mar\u00eda, Brasil (2010).<\/li><li>Ensayo de Determinaci\u00f3n de Resistencia del panel a las Piezas suspendidas \u2013 Universidad Federal de Santa Mar\u00eda, Brasil (2010)<\/li><li>Evaluaci\u00f3n de Desempe\u00f1o T\u00e9rmico de las Habitaciones \u2013 Universidad Federal de Santa Mar\u00eda, Brasil (2010).<\/li><li>Evaluaci\u00f3n de Desempe\u00f1o T\u00e9rmico del Techo Sistema NOX en la Universidad Federal de Santa Maria, Brasil (2010)<\/li><li>An\u00e1lisis de Estanqueidad del Panel \u2013 Universidad Federal de R\u00edo Grande do Sul,\u00a0 Brasil (2009).<\/li><\/ul>\n\n\n\n<ul class=\"wp-block-list\"><li>An\u00e1lisis T\u00e9cnico General del Desempe\u00f1o del Sistema NOX&nbsp; &#8211; Universidad Federal de R\u00edo Grande do Sul, Brasil (2009)<\/li><li>Ensayo de Paneles al Esfuerzo Horizontal \u2013 Ing. Juan E. Von Cappeln (Uruguay 2010)<\/li><li>Ensayo de Resistencia al Impacto Duro, seg\u00fan ISO 78Facultad de Arquitectura, Universidad de la Rep\u00fablica Oriental del Uruguay (2011)<\/li><li>Ensayo de Resistencia al Impacto Blando, seg\u00fan ISO 7892, Facultad de Arquitectura, Universidad de la Rep\u00fablica Oriental del Uruguay (2012).<\/li><\/ul>\n","protected":false},"excerpt":{"rendered":"<p>En Instituto Nacional de Tecnolog\u00eda Industrial (INTI) de Argentina Panel de fibrocemento: Ensayo de Resistencia al Impacto Blando, seg\u00fan Norma IRAM 11596 Panel de fibrocemento: Ensayo de Resistencia al Impacto &#8230;<\/p>\n","protected":false},"author":1,"featured_media":0,"parent":0,"menu_order":0,"comment_status":"closed","ping_status":"closed","template":"","meta":{"om_disable_all_campaigns":false,"footnotes":""},"class_list":["post-1532","page","type-page","status-publish","hentry"],"_links":{"self":[{"href":"https:\/\/ibsnox.com\/index.php?rest_route=\/wp\/v2\/pages\/1532","targetHints":{"allow":["GET"]}}],"collection":[{"href":"https:\/\/ibsnox.com\/index.php?rest_route=\/wp\/v2\/pages"}],"about":[{"href":"https:\/\/ibsnox.com\/index.php?rest_route=\/wp\/v2\/types\/page"}],"author":[{"embeddable":true,"href":"https:\/\/ibsnox.com\/index.php?rest_route=\/wp\/v2\/users\/1"}],"replies":[{"embeddable":true,"href":"https:\/\/ibsnox.com\/index.php?rest_route=%2Fwp%2Fv2%2Fcomments&post=1532"}],"version-history":[{"count":2,"href":"https:\/\/ibsnox.com\/index.php?rest_route=\/wp\/v2\/pages\/1532\/revisions"}],"predecessor-version":[{"id":1534,"href":"https:\/\/ibsnox.com\/index.php?rest_route=\/wp\/v2\/pages\/1532\/revisions\/1534"}],"wp:attachment":[{"href":"https:\/\/ibsnox.com\/index.php?rest_route=%2Fwp%2Fv2%2Fmedia&parent=1532"}],"curies":[{"name":"wp","href":"https:\/\/api.w.org\/{rel}","templated":true}]}}