{"id":1543,"date":"2022-02-28T00:23:13","date_gmt":"2022-02-28T00:23:13","guid":{"rendered":"https:\/\/ibsnox.com\/?page_id=1543"},"modified":"2022-02-28T00:26:50","modified_gmt":"2022-02-28T00:26:50","slug":"estudios-y-calculos-tecnicos-2","status":"publish","type":"page","link":"https:\/\/ibsnox.com\/?page_id=1543","title":{"rendered":"Estudios y c\u00e1lculos t\u00e9cnicos"},"content":{"rendered":"\n<ul class=\"wp-block-list\"><li>C\u00e1lculo Estructural &#8211; Ing. Guillermo Mart\u00ednez Pedraza \u2013Colombia (1976).<\/li><li>C\u00e1lculo Estructural &#8211; Mem\u00f3ria de c\u00e1lculo Ing. Carlos Mart\u00ednez Guerrero \u2013 Argentina (1981).<\/li><li>C\u00e1lculo de sismo, seg\u00fan IMPRES &#8211; Ing. Carlos Mart\u00ednez Guerrero (1983).<\/li><li>C\u00e1lculo de Transmitancia T\u00e9rmica (Factor K) para panel cementicio y multilaminado fen\u00f3lico &#8211; Ing. Carlos Mart\u00ednez G. Seg\u00fan Normas IRAM 11625 (1984).<\/li><li>C\u00e1lculo de Riesgo de Condensaci\u00f3n Superficial e Intersticial, panel cementicio y de multilaminado fen\u00f3lico &#8211; Ing.Carlos Mart\u00ednez Guerrero. normas IRAM 11625 (1984).<\/li><li>Diagramas de Temperatura, para panel cementicio y panel de multilaminado fen\u00f3lico &#8211; Ing. Carlos Mart\u00ednez Guerrero.\u00a0 Seg\u00fan Normas IRAM 11625 (1985).<\/li><li>Verificaci\u00f3n de Puentes T\u00e9rmicos &#8211; Ing. Calos Mart\u00ednez Guerrero (1985).<\/li><li>Propiedades F\u00edsicas de los Paneles &#8211; Ensayos realizados en los laboratorios de la Imperial Chemical Industries y de la City of Birmingham Industrial Reseach (1986).<\/li><li>C\u00e1lculo de Efecto S\u00edsmico &#8211; Ing. Guido Rafael Moreno (1988).<\/li><li>Memoria de C\u00e1lculo para Carga de Hielo o Nieve &#8211; Ing. Mario E. Saieg (1989).<\/li><li>C\u00e1lculo de Viento Cirsoc 102 &#8211; Ing. Mario E. Saieg (1989).<\/li><li>Certificado Ign\u00edfugo &#8212; Direcci\u00f3n Nacional de Bomberos, Uruguay (1993).<\/li><li>C\u00e1lculos Estructurales &#8211; Ing. Ulrich Von Cappeln (Uruguay 1993 y 1994).<\/li><li>Evaluaci\u00f3n y certificaci\u00f3n completa del sistema constructivo, incluido Sismo 7 \u2013 Universidad Central de Venezuela (2006-2007).<\/li><li>UFRGS: Desempe\u00f1o general del sistema constructivo (2010).<\/li><li>Calculo de ensayo s\u00edsmico \u2013 Ing. Ivette Penad\u00e9s (2012).<\/li><li>C\u00e1lculos estructurales \u2013 Ing. Ulrich Von Cappeln (Uruguay 2010 \u2013 2012)<\/li><li>Calculo Ing. Horacio Consentino &#8211; Transmitancia t\u00e9rmica (2012).<\/li><\/ul>\n","protected":false},"excerpt":{"rendered":"<p>C\u00e1lculo Estructural &#8211; Ing. Guillermo Mart\u00ednez Pedraza \u2013Colombia (1976). C\u00e1lculo Estructural &#8211; Mem\u00f3ria de c\u00e1lculo Ing. Carlos Mart\u00ednez Guerrero \u2013 Argentina (1981). C\u00e1lculo de sismo, seg\u00fan IMPRES &#8211; Ing. Carlos &#8230;<\/p>\n","protected":false},"author":1,"featured_media":0,"parent":0,"menu_order":0,"comment_status":"closed","ping_status":"closed","template":"","meta":{"om_disable_all_campaigns":false,"footnotes":""},"class_list":["post-1543","page","type-page","status-publish","hentry"],"_links":{"self":[{"href":"https:\/\/ibsnox.com\/index.php?rest_route=\/wp\/v2\/pages\/1543","targetHints":{"allow":["GET"]}}],"collection":[{"href":"https:\/\/ibsnox.com\/index.php?rest_route=\/wp\/v2\/pages"}],"about":[{"href":"https:\/\/ibsnox.com\/index.php?rest_route=\/wp\/v2\/types\/page"}],"author":[{"embeddable":true,"href":"https:\/\/ibsnox.com\/index.php?rest_route=\/wp\/v2\/users\/1"}],"replies":[{"embeddable":true,"href":"https:\/\/ibsnox.com\/index.php?rest_route=%2Fwp%2Fv2%2Fcomments&post=1543"}],"version-history":[{"count":2,"href":"https:\/\/ibsnox.com\/index.php?rest_route=\/wp\/v2\/pages\/1543\/revisions"}],"predecessor-version":[{"id":1550,"href":"https:\/\/ibsnox.com\/index.php?rest_route=\/wp\/v2\/pages\/1543\/revisions\/1550"}],"wp:attachment":[{"href":"https:\/\/ibsnox.com\/index.php?rest_route=%2Fwp%2Fv2%2Fmedia&parent=1543"}],"curies":[{"name":"wp","href":"https:\/\/api.w.org\/{rel}","templated":true}]}}