{"id":1551,"date":"2022-02-28T00:29:22","date_gmt":"2022-02-28T00:29:22","guid":{"rendered":"https:\/\/ibsnox.com\/?page_id=1551"},"modified":"2022-02-28T00:29:23","modified_gmt":"2022-02-28T00:29:23","slug":"otros","status":"publish","type":"page","link":"https:\/\/ibsnox.com\/?page_id=1551","title":{"rendered":"Otros"},"content":{"rendered":"\n<h3 class=\"wp-block-heading\">Memoria descriptiva basica de los componentes del kit IBSEQUINOX<\/h3>\n\n\n\n<h4 class=\"wp-block-heading\">Esta es la lista de todos los componentes que son la casa u otra construcci\u00f3n completa y desarmada<\/h4>\n\n\n\n<figure class=\"wp-block-table is-style-stripes\"><table><tbody><tr><\/tr><tr><td><strong>Componente<\/strong><\/td><td><strong>Material<\/strong><\/td><td><strong>Partes<\/strong><\/td><\/tr><tr><td>Estructura<\/td><td>Aluminio 6063 -T6<\/td><td>Perfiles de dise\u00f1o propio: piso \/ columnas \/ a\u00e9reos y uni\u00f3n<\/td><\/tr><tr><td>Paneles<\/td><td>Con dos caras y poliestireno como n\u00facleo<\/td><td>Las caras de los paneles en concreto fibrado y el n\u00facleo en poliestireno ER<\/td><\/tr><tr><td>Ventanas<\/td><td>Aluminio con accesorios de estanqueidad<\/td><td>Marco y hojas corredizas<\/td><\/tr><tr><td>Puertas exteriores<\/td><td>Madera<\/td><td>Bastidor de aluminio y tablero interior revestido con carmica<\/td><\/tr><tr><td>Puertas interiores<\/td><td>Madera<\/td><td>Bastidor de pino, caras de hardboard y alma de poliestireno pegado<\/td><\/tr><tr><td>Cabreadas<\/td><td>Acero y madera<\/td><td>Acero y madera dise\u00f1o propio para fuertes vientos y sismo<\/td><\/tr><tr><td>Sobre techo<\/td><td>Tableros<\/td><td>De OSB o terciado de 12 mm, van inclinados atornillados a las cabreadas<\/td><\/tr><tr><td>Cubierta<\/td><td>Indistinto<\/td><td>Cualquier cubierta: Galvanizado, fibrocemento, teja ceramica, etc<\/td><\/tr><tr><td>Cielorraso<\/td><td>Yeso<\/td><td>Placas de yeso con perfiler\u00eda met\u00e1lica y lana de vidrio como aislante<\/td><\/tr><tr><td>Sanitaria<\/td><td>Termo fusi\u00f3n y PVC<\/td><td>Termo fusi\u00f3n con fitings met\u00e1licos para alimentaci\u00f3n y PVC para desag\u00fces<\/td><\/tr><tr><td>Artefactos Sanitarios<\/td><td>Cer\u00e1micos<\/td><td>Inodoro con deposito, lavatorio y grifer\u00eda mono comando completa<\/td><\/tr><tr><td>El\u00e9ctrica<\/td><td>Materiales completos<\/td><td>El tablero, cableado, llaves, tomas y bocas<\/td><\/tr><tr><td>Cocina<\/td><td>Mesada y mueble<\/td><td>Mesada de 1,40 x 0,55 monol\u00edtica, pileta de acero inoxidable y mueble de madera<\/td><\/tr><tr><td>Accesorios<\/td><td>Uso general<\/td><td>Son los tornillos, anclajes a la fundaci\u00f3n, selladores y herrajes de puertas y ventanas<\/td><\/tr><tr><td>Pisos<\/td><td>Cer\u00e1mico<\/td><td>Pisos cer\u00e1micos esmaltados y revestimientos de pared<\/td><\/tr><tr><td>Pinturas<\/td><td>Acr\u00edlico y vinilica<\/td><td>Pinturas acr\u00edlica para paredes, cielorrasos, etc.<\/td><\/tr><\/tbody><\/table><\/figure>\n","protected":false},"excerpt":{"rendered":"<p>Memoria descriptiva basica de los componentes del kit IBSEQUINOX Esta es la lista de todos los componentes que son la casa u otra construcci\u00f3n completa y desarmada Componente Material Partes &#8230;<\/p>\n","protected":false},"author":1,"featured_media":0,"parent":0,"menu_order":0,"comment_status":"closed","ping_status":"closed","template":"","meta":{"om_disable_all_campaigns":false,"footnotes":""},"class_list":["post-1551","page","type-page","status-publish","hentry"],"_links":{"self":[{"href":"https:\/\/ibsnox.com\/index.php?rest_route=\/wp\/v2\/pages\/1551","targetHints":{"allow":["GET"]}}],"collection":[{"href":"https:\/\/ibsnox.com\/index.php?rest_route=\/wp\/v2\/pages"}],"about":[{"href":"https:\/\/ibsnox.com\/index.php?rest_route=\/wp\/v2\/types\/page"}],"author":[{"embeddable":true,"href":"https:\/\/ibsnox.com\/index.php?rest_route=\/wp\/v2\/users\/1"}],"replies":[{"embeddable":true,"href":"https:\/\/ibsnox.com\/index.php?rest_route=%2Fwp%2Fv2%2Fcomments&post=1551"}],"version-history":[{"count":1,"href":"https:\/\/ibsnox.com\/index.php?rest_route=\/wp\/v2\/pages\/1551\/revisions"}],"predecessor-version":[{"id":1552,"href":"https:\/\/ibsnox.com\/index.php?rest_route=\/wp\/v2\/pages\/1551\/revisions\/1552"}],"wp:attachment":[{"href":"https:\/\/ibsnox.com\/index.php?rest_route=%2Fwp%2Fv2%2Fmedia&parent=1551"}],"curies":[{"name":"wp","href":"https:\/\/api.w.org\/{rel}","templated":true}]}}