{"id":17,"date":"2016-02-12T08:09:36","date_gmt":"2016-02-12T08:09:36","guid":{"rendered":"http:\/\/demos.famethemes.com\/onepress\/?page_id=17"},"modified":"2022-02-21T02:12:55","modified_gmt":"2022-02-21T02:12:55","slug":"our-history","status":"publish","type":"page","link":"https:\/\/ibsnox.com\/?page_id=17","title":{"rendered":"Nuestra Historia"},"content":{"rendered":"\n<div class=\"wp-block-columns is-layout-flex wp-container-core-columns-is-layout-9d6595d7 wp-block-columns-is-layout-flex\">\n<div class=\"wp-block-column is-layout-flow wp-block-column-is-layout-flow\" style=\"flex-basis:100%\">\n<div class=\"wp-block-columns is-layout-flex wp-container-core-columns-is-layout-9d6595d7 wp-block-columns-is-layout-flex\">\n<div class=\"wp-block-column is-layout-flow wp-block-column-is-layout-flow\">\n<p>El origen de IBSEQUINOX es con Erique Henning Biornbak, ingeniero Danes.<\/p>\n\n\n\n<p>Enrique Henning Biornbak llega a Buenos Aires (Argentina) en 1906, para dirigir la construcci\u00f3n de del Hotel Plaza, que al momento de su construcci\u00f3n fue el m\u00e1s lujoso de Am\u00e9rica Latina.<\/p>\n\n\n\n<p>Ernesto Torquist construye el hotel entre marzo 1907 y julio 1909, Enrique Henning Biornbak dise\u00f1a y se encarga de la fundici\u00f3n de la estructura del edificio, en la siderurgia TAMET (talleres metal\u00fargicos San Martin) propiedad de E. Torquinst.<\/p>\n\n\n\n<p>Erique Henning Biornbak, luego de finalizar la direcci\u00f3n de la construcci\u00f3n del hotel, fue contratado en la provincia de Salta, donde fundo su empresa de prefabricados y vivio el resto de su vida. La descendencia de Biornbak a la fecha como quinta generaci\u00f3n contin\u00faa con la prefabricaci\u00f3n de sistemas constructivos.<\/p>\n<\/div>\n<\/div>\n<\/div>\n<\/div>\n\n\n\n<div class=\"wp-block-columns is-layout-flex wp-container-core-columns-is-layout-9d6595d7 wp-block-columns-is-layout-flex\">\n<div class=\"wp-block-column is-layout-flow wp-block-column-is-layout-flow\" style=\"flex-basis:66.66%\"><\/div>\n\n\n\n<div class=\"wp-block-column is-layout-flow wp-block-column-is-layout-flow\" style=\"flex-basis:33.33%\"><\/div>\n<\/div>\n\n\n\n<div class=\"wp-block-columns is-layout-flex wp-container-core-columns-is-layout-9d6595d7 wp-block-columns-is-layout-flex\">\n<div class=\"wp-block-column is-layout-flow wp-block-column-is-layout-flow\">\n<figure class=\"wp-block-image size-large is-resized\"><img loading=\"lazy\" decoding=\"async\" src=\"http:\/\/ibsnox.com\/wp-content\/uploads\/2022\/02\/barcogr3-copia-820x1024.jpg\" alt=\"\" class=\"wp-image-1450\" width=\"271\" height=\"338\" srcset=\"https:\/\/ibsnox.com\/wp-content\/uploads\/2022\/02\/barcogr3-copia-820x1024.jpg 820w, https:\/\/ibsnox.com\/wp-content\/uploads\/2022\/02\/barcogr3-copia-240x300.jpg 240w, https:\/\/ibsnox.com\/wp-content\/uploads\/2022\/02\/barcogr3-copia-768x959.jpg 768w, https:\/\/ibsnox.com\/wp-content\/uploads\/2022\/02\/barcogr3-copia-1230x1536.jpg 1230w, https:\/\/ibsnox.com\/wp-content\/uploads\/2022\/02\/barcogr3-copia.jpg 1504w\" sizes=\"auto, (max-width: 271px) 100vw, 271px\" \/><\/figure>\n<\/div>\n\n\n\n<div class=\"wp-block-column is-layout-flow wp-block-column-is-layout-flow\">\n<figure class=\"wp-block-image size-large\"><img loading=\"lazy\" decoding=\"async\" width=\"788\" height=\"1024\" src=\"http:\/\/ibsnox.com\/wp-content\/uploads\/2022\/02\/estructura-recortada-788x1024.jpg\" alt=\"\" class=\"wp-image-1451\" srcset=\"https:\/\/ibsnox.com\/wp-content\/uploads\/2022\/02\/estructura-recortada-788x1024.jpg 788w, https:\/\/ibsnox.com\/wp-content\/uploads\/2022\/02\/estructura-recortada-231x300.jpg 231w, https:\/\/ibsnox.com\/wp-content\/uploads\/2022\/02\/estructura-recortada-768x998.jpg 768w, https:\/\/ibsnox.com\/wp-content\/uploads\/2022\/02\/estructura-recortada.jpg 1057w\" sizes=\"auto, (max-width: 788px) 100vw, 788px\" \/><\/figure>\n<\/div>\n\n\n\n<div class=\"wp-block-column is-layout-flow wp-block-column-is-layout-flow\">\n<figure class=\"wp-block-image size-full is-resized\"><img loading=\"lazy\" decoding=\"async\" src=\"http:\/\/ibsnox.com\/wp-content\/uploads\/2022\/02\/New-Image1.jpg\" alt=\"\" class=\"wp-image-1453\" width=\"232\" height=\"344\" srcset=\"https:\/\/ibsnox.com\/wp-content\/uploads\/2022\/02\/New-Image1.jpg 690w, https:\/\/ibsnox.com\/wp-content\/uploads\/2022\/02\/New-Image1-202x300.jpg 202w\" sizes=\"auto, (max-width: 232px) 100vw, 232px\" \/><\/figure>\n<\/div>\n<\/div>\n","protected":false},"excerpt":{"rendered":"<p>Conoce mas sobre nosotros y como inicio nuestra historia<\/p>\n","protected":false},"author":2,"featured_media":1452,"parent":0,"menu_order":0,"comment_status":"closed","ping_status":"closed","template":"","meta":{"om_disable_all_campaigns":false,"footnotes":""},"class_list":["post-17","page","type-page","status-publish","has-post-thumbnail","hentry"],"_links":{"self":[{"href":"https:\/\/ibsnox.com\/index.php?rest_route=\/wp\/v2\/pages\/17","targetHints":{"allow":["GET"]}}],"collection":[{"href":"https:\/\/ibsnox.com\/index.php?rest_route=\/wp\/v2\/pages"}],"about":[{"href":"https:\/\/ibsnox.com\/index.php?rest_route=\/wp\/v2\/types\/page"}],"author":[{"embeddable":true,"href":"https:\/\/ibsnox.com\/index.php?rest_route=\/wp\/v2\/users\/2"}],"replies":[{"embeddable":true,"href":"https:\/\/ibsnox.com\/index.php?rest_route=%2Fwp%2Fv2%2Fcomments&post=17"}],"version-history":[{"count":4,"href":"https:\/\/ibsnox.com\/index.php?rest_route=\/wp\/v2\/pages\/17\/revisions"}],"predecessor-version":[{"id":1461,"href":"https:\/\/ibsnox.com\/index.php?rest_route=\/wp\/v2\/pages\/17\/revisions\/1461"}],"wp:featuredmedia":[{"embeddable":true,"href":"https:\/\/ibsnox.com\/index.php?rest_route=\/wp\/v2\/media\/1452"}],"wp:attachment":[{"href":"https:\/\/ibsnox.com\/index.php?rest_route=%2Fwp%2Fv2%2Fmedia&parent=17"}],"curies":[{"name":"wp","href":"https:\/\/api.w.org\/{rel}","templated":true}]}}