{"id":22,"date":"2016-02-12T08:11:05","date_gmt":"2016-02-12T08:11:05","guid":{"rendered":"http:\/\/demos.famethemes.com\/onepress\/?page_id=22"},"modified":"2022-02-27T21:20:40","modified_gmt":"2022-02-27T21:20:40","slug":"our-vision","status":"publish","type":"page","link":"https:\/\/ibsnox.com\/?page_id=22","title":{"rendered":"Sistema constructivo nox"},"content":{"rendered":"\n<ul class=\"wp-block-list\"><li><strong><em>Sistema constructivo Industrializado:<\/em><\/strong>&nbsp; Proceso de manufacturaci\u00f3n industrial.<\/li><li><strong><em>Exportable:&nbsp; <\/em><\/strong>Piezas dimensionadas para contenedores.<\/li><li><strong><em>Econ\u00f3mico:&nbsp; <\/em><\/strong>Bajo costo por el volumen de producci\u00f3n y estandarizaci\u00f3n.<\/li><li><strong><em>Capacidad de producci\u00f3n fabril:<\/em><\/strong>&nbsp; 1.400 casas de 50 m<sup>2<\/sup> por mes (840.000 m<sup>2<\/sup> a\u00f1o).<\/li><li><strong><em>R\u00e1pida construcci\u00f3n:<\/em><\/strong>&nbsp; El montaje en conjuntos habitacionales se hace en 4 h-h\/m<sup>2<\/sup>.<\/li><li><strong><em>Mantenimiento cero:<\/em><\/strong>&nbsp; No necesita mantenimiento alguno, durabilidad ilimitada.<\/li><li><strong><em>Aislamiento t\u00e9rmico:<\/em><\/strong>&nbsp; Muy aislante tanto para el frio como para el calor.<\/li><li><strong><em>Sismo resistente y fuertes vientos:<\/em><\/strong>&nbsp; Dise\u00f1ado para estos factores.<\/li><li><strong><em>Variedades de dise\u00f1o:<\/em><\/strong>&nbsp; Permite dise\u00f1os casi ilimitados.<\/li><li><strong><em>Usos:<\/em><\/strong>&nbsp; Vivienda unifamiliar y en altura, escuelas, campamentos, hoteler\u00eda, etc.<\/li><li><strong><em>Origen:<\/em><\/strong>&nbsp; El sistema NOX fue dise\u00f1ado por Sergio Lagrenade (1976), SL empez\u00f3 con su abuelo Ing. Enrique Bj\u00f6rnbak (Dan\u00e9s) que lleg\u00f3 a Argentina (1896) para hacer el primer edificio prefabricado de Buenos Aires que es el hotel Plaza (hoy Marriott).<\/li><\/ul>\n\n\n\n<figure class=\"wp-block-gallery has-nested-images columns-default is-cropped wp-block-gallery-1 is-layout-flex wp-block-gallery-is-layout-flex\">\n<figure class=\"wp-block-image size-large\"><img loading=\"lazy\" decoding=\"async\" width=\"1024\" height=\"768\" data-id=\"1473\" src=\"https:\/\/ibsnox.com\/wp-content\/uploads\/2022\/02\/DSCN1040-1024x768.jpg\" alt=\"\" class=\"wp-image-1473\" srcset=\"https:\/\/ibsnox.com\/wp-content\/uploads\/2022\/02\/DSCN1040-1024x768.jpg 1024w, https:\/\/ibsnox.com\/wp-content\/uploads\/2022\/02\/DSCN1040-300x225.jpg 300w, https:\/\/ibsnox.com\/wp-content\/uploads\/2022\/02\/DSCN1040-768x576.jpg 768w, https:\/\/ibsnox.com\/wp-content\/uploads\/2022\/02\/DSCN1040-1536x1152.jpg 1536w, https:\/\/ibsnox.com\/wp-content\/uploads\/2022\/02\/DSCN1040.jpg 1600w\" sizes=\"auto, (max-width: 1024px) 100vw, 1024px\" \/><\/figure>\n\n\n\n<figure class=\"wp-block-image size-large\"><img loading=\"lazy\" decoding=\"async\" width=\"1024\" height=\"590\" data-id=\"1472\" src=\"https:\/\/ibsnox.com\/wp-content\/uploads\/2022\/02\/Gonzales-recortada-1024x590.jpg\" alt=\"\" class=\"wp-image-1472\" srcset=\"https:\/\/ibsnox.com\/wp-content\/uploads\/2022\/02\/Gonzales-recortada-1024x590.jpg 1024w, https:\/\/ibsnox.com\/wp-content\/uploads\/2022\/02\/Gonzales-recortada-300x173.jpg 300w, https:\/\/ibsnox.com\/wp-content\/uploads\/2022\/02\/Gonzales-recortada-768x443.jpg 768w, https:\/\/ibsnox.com\/wp-content\/uploads\/2022\/02\/Gonzales-recortada.jpg 1325w\" sizes=\"auto, (max-width: 1024px) 100vw, 1024px\" \/><\/figure>\n\n\n\n<figure class=\"wp-block-image size-large\"><img loading=\"lazy\" decoding=\"async\" width=\"800\" height=\"599\" data-id=\"1470\" src=\"https:\/\/ibsnox.com\/wp-content\/uploads\/2022\/02\/Universidad-Claeh-Punta-del-Este.jpg\" alt=\"\" class=\"wp-image-1470\" srcset=\"https:\/\/ibsnox.com\/wp-content\/uploads\/2022\/02\/Universidad-Claeh-Punta-del-Este.jpg 800w, https:\/\/ibsnox.com\/wp-content\/uploads\/2022\/02\/Universidad-Claeh-Punta-del-Este-300x225.jpg 300w, https:\/\/ibsnox.com\/wp-content\/uploads\/2022\/02\/Universidad-Claeh-Punta-del-Este-768x575.jpg 768w\" sizes=\"auto, (max-width: 800px) 100vw, 800px\" \/><\/figure>\n\n\n\n<figure class=\"wp-block-image size-large\"><img loading=\"lazy\" decoding=\"async\" width=\"1024\" height=\"200\" data-id=\"1471\" src=\"https:\/\/ibsnox.com\/wp-content\/uploads\/2022\/02\/Viv-Maracaibo-1024x200.jpg\" alt=\"\" class=\"wp-image-1471\" srcset=\"https:\/\/ibsnox.com\/wp-content\/uploads\/2022\/02\/Viv-Maracaibo-1024x200.jpg 1024w, https:\/\/ibsnox.com\/wp-content\/uploads\/2022\/02\/Viv-Maracaibo-300x59.jpg 300w, https:\/\/ibsnox.com\/wp-content\/uploads\/2022\/02\/Viv-Maracaibo-768x150.jpg 768w, https:\/\/ibsnox.com\/wp-content\/uploads\/2022\/02\/Viv-Maracaibo-1536x300.jpg 1536w, https:\/\/ibsnox.com\/wp-content\/uploads\/2022\/02\/Viv-Maracaibo.jpg 1712w\" sizes=\"auto, (max-width: 1024px) 100vw, 1024px\" \/><\/figure>\n\n\n\n<figure class=\"wp-block-image size-large\"><img loading=\"lazy\" decoding=\"async\" width=\"1024\" height=\"726\" data-id=\"1474\" src=\"https:\/\/ibsnox.com\/wp-content\/uploads\/2022\/02\/Zarate-1024x726.jpg\" alt=\"\" class=\"wp-image-1474\" srcset=\"https:\/\/ibsnox.com\/wp-content\/uploads\/2022\/02\/Zarate-1024x726.jpg 1024w, https:\/\/ibsnox.com\/wp-content\/uploads\/2022\/02\/Zarate-300x213.jpg 300w, https:\/\/ibsnox.com\/wp-content\/uploads\/2022\/02\/Zarate-768x544.jpg 768w, https:\/\/ibsnox.com\/wp-content\/uploads\/2022\/02\/Zarate-1536x1088.jpg 1536w, https:\/\/ibsnox.com\/wp-content\/uploads\/2022\/02\/Zarate-2048x1451.jpg 2048w\" sizes=\"auto, (max-width: 1024px) 100vw, 1024px\" \/><\/figure>\n<\/figure>\n","protected":false},"excerpt":{"rendered":"<p>Conoce mas sobre el sistema constructivo nox<\/p>\n","protected":false},"author":2,"featured_media":1473,"parent":0,"menu_order":0,"comment_status":"closed","ping_status":"closed","template":"","meta":{"om_disable_all_campaigns":false,"footnotes":""},"class_list":["post-22","page","type-page","status-publish","has-post-thumbnail","hentry"],"_links":{"self":[{"href":"https:\/\/ibsnox.com\/index.php?rest_route=\/wp\/v2\/pages\/22","targetHints":{"allow":["GET"]}}],"collection":[{"href":"https:\/\/ibsnox.com\/index.php?rest_route=\/wp\/v2\/pages"}],"about":[{"href":"https:\/\/ibsnox.com\/index.php?rest_route=\/wp\/v2\/types\/page"}],"author":[{"embeddable":true,"href":"https:\/\/ibsnox.com\/index.php?rest_route=\/wp\/v2\/users\/2"}],"replies":[{"embeddable":true,"href":"https:\/\/ibsnox.com\/index.php?rest_route=%2Fwp%2Fv2%2Fcomments&post=22"}],"version-history":[{"count":3,"href":"https:\/\/ibsnox.com\/index.php?rest_route=\/wp\/v2\/pages\/22\/revisions"}],"predecessor-version":[{"id":1475,"href":"https:\/\/ibsnox.com\/index.php?rest_route=\/wp\/v2\/pages\/22\/revisions\/1475"}],"wp:featuredmedia":[{"embeddable":true,"href":"https:\/\/ibsnox.com\/index.php?rest_route=\/wp\/v2\/media\/1473"}],"wp:attachment":[{"href":"https:\/\/ibsnox.com\/index.php?rest_route=%2Fwp%2Fv2%2Fmedia&parent=22"}],"curies":[{"name":"wp","href":"https:\/\/api.w.org\/{rel}","templated":true}]}}